{"id":20,"date":"2023-02-20T23:46:36","date_gmt":"2023-02-20T23:46:36","guid":{"rendered":"http:\/\/culturaorganica.com\/contacto\/"},"modified":"2023-04-21T22:50:31","modified_gmt":"2023-04-21T22:50:31","slug":"contacto","status":"publish","type":"page","link":"https:\/\/culturaorganica.com\/es-MX\/contacto\/","title":{"rendered":"Contacto"},"content":{"rendered":"\n<div class=\"wp-block-cover alignfull is-light\" style=\"min-height:600px;aspect-ratio:unset;\"><span aria-hidden=\"true\" class=\"wp-block-cover__background has-primary-background-color has-background-dim-20 has-background-dim\"><\/span><img fetchpriority=\"high\" decoding=\"async\" width=\"1200\" height=\"900\" class=\"wp-block-cover__image-background wp-image-789\" alt=\"\" src=\"https:\/\/culturaorganica.com\/wp-content\/uploads\/2023\/04\/Productor.jpg\" data-object-fit=\"cover\" srcset=\"https:\/\/culturaorganica.com\/wp-content\/uploads\/2023\/04\/Productor.jpg 1200w, https:\/\/culturaorganica.com\/wp-content\/uploads\/2023\/04\/Productor-300x225.jpg 300w, https:\/\/culturaorganica.com\/wp-content\/uploads\/2023\/04\/Productor-1024x768.jpg 1024w, https:\/\/culturaorganica.com\/wp-content\/uploads\/2023\/04\/Productor-768x576.jpg 768w, https:\/\/culturaorganica.com\/wp-content\/uploads\/2023\/04\/Productor-600x450.jpg 600w, https:\/\/culturaorganica.com\/wp-content\/uploads\/2023\/04\/Productor-750x563.jpg 750w, https:\/\/culturaorganica.com\/wp-content\/uploads\/2023\/04\/Productor-1140x855.jpg 1140w\" sizes=\"(max-width: 1200px) 100vw, 1200px\" \/><div class=\"wp-block-cover__inner-container is-layout-flow wp-block-cover-is-layout-flow\">\n<p class=\"has-text-align-center has-large-font-size\">.<\/p>\n<\/div><\/div>\n\n\n\n<div class=\"wp-block-columns alignwide is-layout-flex wp-container-core-columns-is-layout-9d6595d7 wp-block-columns-is-layout-flex\">\n<div class=\"wp-block-column is-layout-flow wp-block-column-is-layout-flow\">\n<h3 class=\"has-text-align-center wp-block-heading\">Contacto<\/h3>\n\n\n\n<p class=\"has-text-align-center\">Adri\u00e1n Gonz\u00e1lez Nieves<br>(55) 5506 7597<br>agonzalez@culturaorganica.com info@culturaorganica.com<\/p>\n<\/div>\n\n\n\n<div class=\"wp-block-column is-layout-flow wp-block-column-is-layout-flow\">\n<h3 class=\"has-text-align-center wp-block-heading\">Ubicaci\u00f3n<\/h3>\n\n\n\n<p class=\"has-text-align-center\">Indian\u00e1polis #70, Col. N\u00e1poles,<br>CDMX C.P. 03810<\/p>\n<\/div>\n\n\n\n<div class=\"wp-block-column is-layout-flow wp-block-column-is-layout-flow\">\n<h3 class=\"has-text-align-center wp-block-heading\">Conectar<\/h3>\n\n\n\n<p class=\"has-text-align-center\">Twitter<br>Facebook<br><\/p>\n<\/div>\n<\/div>\n","protected":false},"excerpt":{"rendered":"<p>Contacto Adri\u00e1n Gonz\u00e1lez Nieves(55) 5506 7597agonzalez@culturaorganica.com info@culturaorganica.com Ubicaci\u00f3n Indian\u00e1polis #70, Col. N\u00e1poles,CDMX C.P. 03810 Conectar TwitterFacebook<\/p>\n","protected":false},"author":1,"featured_media":0,"parent":0,"menu_order":0,"comment_status":"closed","ping_status":"closed","template":"","meta":{"_coblocks_attr":"","_coblocks_dimensions":"","_coblocks_responsive_height":"","_coblocks_accordion_ie_support":"","_locale":"es_MX","_original_post":"https:\/\/culturaorganica.com\/contacto\/","_mc_calendar":[],"jnews_page_loop":{"enable_page_loop":"0","first_title":"Latest Post","second_title":"","header_type":"heading_6","header_background":"","header_text_color":"","layout":"right-sidebar","sidebar":"default-sidebar","second_sidebar":"default-sidebar","sticky_sidebar":"1","module":"3","boxed":"0","boxed_shadow":"0","box_shadow":"0","excerpt_length":"20","content_date":"default","date_custom":"Y\/m\/d","content_pagination":"nav_1","pagination_align":"center","show_navtext":"0","show_pageinfo":"0","post_offset":"0","posts_per_page":"5","include_post":"","exclude_post":"","include_category":"","exclude_category":"","include_author":"","include_tag":"","exclude_tag":"","sort_by":"latest"},"jnews_single_page":{"layout":"no-sidebar","sidebar":"default-sidebar","second_sidebar":"default-sidebar","sticky_sidebar":"1","show_post_featured":"0","show_post_meta":"0","share_position":"hide","share_color":"share-monocrhome"},"jnews_social_meta":{"fb_title":"","fb_description":"","fb_image":"","twitter_title":"","twitter_description":"","twitter_image":""},"footnotes":""},"class_list":["post-20","page","type-page","status-publish","hentry","es-MX"],"yoast_head":"<!-- This site is optimized with the Yoast SEO plugin v26.4 - https:\/\/yoast.com\/wordpress\/plugins\/seo\/ -->\n<title>Contacto - Cultura Org&aacute;nica<\/title>\n<meta name=\"robots\" content=\"index, follow, max-snippet:-1, max-image-preview:large, max-video-preview:-1\" \/>\n<link rel=\"canonical\" href=\"https:\/\/culturaorganica.com\/es-MX\/contacto\/\" \/>\n<meta property=\"og:locale\" content=\"es_MX\" \/>\n<meta property=\"og:type\" content=\"article\" \/>\n<meta property=\"og:title\" content=\"Contacto - Cultura Org&aacute;nica\" \/>\n<meta property=\"og:description\" content=\"Contacto Adri\u00e1n Gonz\u00e1lez Nieves(55) 5506 7597agonzalez@culturaorganica.com info@culturaorganica.com Ubicaci\u00f3n Indian\u00e1polis #70, Col. N\u00e1poles,CDMX C.P. 03810 Conectar TwitterFacebook\" \/>\n<meta property=\"og:url\" content=\"https:\/\/culturaorganica.com\/es-MX\/contacto\/\" \/>\n<meta property=\"og:site_name\" content=\"Cultura Org&aacute;nica\" \/>\n<meta property=\"article:publisher\" content=\"https:\/\/www.facebook.com\/profile.php?id=100065297528894\" \/>\n<meta property=\"article:modified_time\" content=\"2023-04-21T22:50:31+00:00\" \/>\n<meta property=\"og:image\" content=\"https:\/\/culturaorganica.com\/wp-content\/uploads\/2023\/04\/Productor.jpg\" \/>\n\t<meta property=\"og:image:width\" content=\"1200\" \/>\n\t<meta property=\"og:image:height\" content=\"900\" \/>\n\t<meta property=\"og:image:type\" content=\"image\/jpeg\" \/>\n<meta name=\"twitter:card\" content=\"summary_large_image\" \/>\n<script type=\"application\/ld+json\" class=\"yoast-schema-graph\">{\"@context\":\"https:\/\/schema.org\",\"@graph\":[{\"@type\":\"WebPage\",\"@id\":\"https:\/\/culturaorganica.com\/es-MX\/contacto\/\",\"url\":\"https:\/\/culturaorganica.com\/es-MX\/contacto\/\",\"name\":\"Contacto - Cultura Org&aacute;nica\",\"isPartOf\":{\"@id\":\"https:\/\/culturaorganica.com\/#website\"},\"primaryImageOfPage\":{\"@id\":\"https:\/\/culturaorganica.com\/es-MX\/contacto\/#primaryimage\"},\"image\":{\"@id\":\"https:\/\/culturaorganica.com\/es-MX\/contacto\/#primaryimage\"},\"thumbnailUrl\":\"https:\/\/culturaorganica.com\/wp-content\/uploads\/2023\/04\/Productor.jpg\",\"datePublished\":\"2023-02-20T23:46:36+00:00\",\"dateModified\":\"2023-04-21T22:50:31+00:00\",\"breadcrumb\":{\"@id\":\"https:\/\/culturaorganica.com\/es-MX\/contacto\/#breadcrumb\"},\"inLanguage\":\"es\",\"potentialAction\":[{\"@type\":\"ReadAction\",\"target\":[\"https:\/\/culturaorganica.com\/es-MX\/contacto\/\"]}]},{\"@type\":\"ImageObject\",\"inLanguage\":\"es\",\"@id\":\"https:\/\/culturaorganica.com\/es-MX\/contacto\/#primaryimage\",\"url\":\"https:\/\/culturaorganica.com\/wp-content\/uploads\/2023\/04\/Productor.jpg\",\"contentUrl\":\"https:\/\/culturaorganica.com\/wp-content\/uploads\/2023\/04\/Productor.jpg\",\"width\":1200,\"height\":900},{\"@type\":\"BreadcrumbList\",\"@id\":\"https:\/\/culturaorganica.com\/es-MX\/contacto\/#breadcrumb\",\"itemListElement\":[{\"@type\":\"ListItem\",\"position\":1,\"name\":\"Portada\",\"item\":\"https:\/\/culturaorganica.com\/\"},{\"@type\":\"ListItem\",\"position\":2,\"name\":\"Contacto\"}]},{\"@type\":\"WebSite\",\"@id\":\"https:\/\/culturaorganica.com\/#website\",\"url\":\"https:\/\/culturaorganica.com\/\",\"name\":\"Cultura Org\u00e1nica\",\"description\":\"El &uacute;nico portal y revista de Latinoam&eacute;rica\",\"publisher\":{\"@id\":\"https:\/\/culturaorganica.com\/#organization\"},\"potentialAction\":[{\"@type\":\"SearchAction\",\"target\":{\"@type\":\"EntryPoint\",\"urlTemplate\":\"https:\/\/culturaorganica.com\/?s={search_term_string}\"},\"query-input\":{\"@type\":\"PropertyValueSpecification\",\"valueRequired\":true,\"valueName\":\"search_term_string\"}}],\"inLanguage\":\"es\"},{\"@type\":\"Organization\",\"@id\":\"https:\/\/culturaorganica.com\/#organization\",\"name\":\"Cultura Org\u00e1nica\",\"url\":\"https:\/\/culturaorganica.com\/\",\"logo\":{\"@type\":\"ImageObject\",\"inLanguage\":\"es\",\"@id\":\"https:\/\/culturaorganica.com\/#\/schema\/logo\/image\/\",\"url\":\"https:\/\/culturaorganica.com\/wp-content\/uploads\/2023\/02\/logo-CO-3.webp\",\"contentUrl\":\"https:\/\/culturaorganica.com\/wp-content\/uploads\/2023\/02\/logo-CO-3.webp\",\"width\":600,\"height\":217,\"caption\":\"Cultura Org\u00e1nica\"},\"image\":{\"@id\":\"https:\/\/culturaorganica.com\/#\/schema\/logo\/image\/\"},\"sameAs\":[\"https:\/\/www.facebook.com\/profile.php?id=100065297528894\"]}]}<\/script>\n<!-- \/ Yoast SEO plugin. -->","yoast_head_json":{"title":"Contacto - Cultura Org&aacute;nica","robots":{"index":"index","follow":"follow","max-snippet":"max-snippet:-1","max-image-preview":"max-image-preview:large","max-video-preview":"max-video-preview:-1"},"canonical":"https:\/\/culturaorganica.com\/es-MX\/contacto\/","og_locale":"es_MX","og_type":"article","og_title":"Contacto - Cultura Org&aacute;nica","og_description":"Contacto Adri\u00e1n Gonz\u00e1lez Nieves(55) 5506 7597agonzalez@culturaorganica.com info@culturaorganica.com Ubicaci\u00f3n Indian\u00e1polis #70, Col. N\u00e1poles,CDMX C.P. 03810 Conectar TwitterFacebook","og_url":"https:\/\/culturaorganica.com\/es-MX\/contacto\/","og_site_name":"Cultura Org&aacute;nica","article_publisher":"https:\/\/www.facebook.com\/profile.php?id=100065297528894","article_modified_time":"2023-04-21T22:50:31+00:00","og_image":[{"width":1200,"height":900,"url":"https:\/\/culturaorganica.com\/wp-content\/uploads\/2023\/04\/Productor.jpg","type":"image\/jpeg"}],"twitter_card":"summary_large_image","schema":{"@context":"https:\/\/schema.org","@graph":[{"@type":"WebPage","@id":"https:\/\/culturaorganica.com\/es-MX\/contacto\/","url":"https:\/\/culturaorganica.com\/es-MX\/contacto\/","name":"Contacto - Cultura Org&aacute;nica","isPartOf":{"@id":"https:\/\/culturaorganica.com\/#website"},"primaryImageOfPage":{"@id":"https:\/\/culturaorganica.com\/es-MX\/contacto\/#primaryimage"},"image":{"@id":"https:\/\/culturaorganica.com\/es-MX\/contacto\/#primaryimage"},"thumbnailUrl":"https:\/\/culturaorganica.com\/wp-content\/uploads\/2023\/04\/Productor.jpg","datePublished":"2023-02-20T23:46:36+00:00","dateModified":"2023-04-21T22:50:31+00:00","breadcrumb":{"@id":"https:\/\/culturaorganica.com\/es-MX\/contacto\/#breadcrumb"},"inLanguage":"es","potentialAction":[{"@type":"ReadAction","target":["https:\/\/culturaorganica.com\/es-MX\/contacto\/"]}]},{"@type":"ImageObject","inLanguage":"es","@id":"https:\/\/culturaorganica.com\/es-MX\/contacto\/#primaryimage","url":"https:\/\/culturaorganica.com\/wp-content\/uploads\/2023\/04\/Productor.jpg","contentUrl":"https:\/\/culturaorganica.com\/wp-content\/uploads\/2023\/04\/Productor.jpg","width":1200,"height":900},{"@type":"BreadcrumbList","@id":"https:\/\/culturaorganica.com\/es-MX\/contacto\/#breadcrumb","itemListElement":[{"@type":"ListItem","position":1,"name":"Portada","item":"https:\/\/culturaorganica.com\/"},{"@type":"ListItem","position":2,"name":"Contacto"}]},{"@type":"WebSite","@id":"https:\/\/culturaorganica.com\/#website","url":"https:\/\/culturaorganica.com\/","name":"Cultura Org\u00e1nica","description":"El &uacute;nico portal y revista de Latinoam&eacute;rica","publisher":{"@id":"https:\/\/culturaorganica.com\/#organization"},"potentialAction":[{"@type":"SearchAction","target":{"@type":"EntryPoint","urlTemplate":"https:\/\/culturaorganica.com\/?s={search_term_string}"},"query-input":{"@type":"PropertyValueSpecification","valueRequired":true,"valueName":"search_term_string"}}],"inLanguage":"es"},{"@type":"Organization","@id":"https:\/\/culturaorganica.com\/#organization","name":"Cultura Org\u00e1nica","url":"https:\/\/culturaorganica.com\/","logo":{"@type":"ImageObject","inLanguage":"es","@id":"https:\/\/culturaorganica.com\/#\/schema\/logo\/image\/","url":"https:\/\/culturaorganica.com\/wp-content\/uploads\/2023\/02\/logo-CO-3.webp","contentUrl":"https:\/\/culturaorganica.com\/wp-content\/uploads\/2023\/02\/logo-CO-3.webp","width":600,"height":217,"caption":"Cultura Org\u00e1nica"},"image":{"@id":"https:\/\/culturaorganica.com\/#\/schema\/logo\/image\/"},"sameAs":["https:\/\/www.facebook.com\/profile.php?id=100065297528894"]}]}},"_links":{"self":[{"href":"https:\/\/culturaorganica.com\/wp-json\/wp\/v2\/pages\/20","targetHints":{"allow":["GET"]}}],"collection":[{"href":"https:\/\/culturaorganica.com\/wp-json\/wp\/v2\/pages"}],"about":[{"href":"https:\/\/culturaorganica.com\/wp-json\/wp\/v2\/types\/page"}],"author":[{"embeddable":true,"href":"https:\/\/culturaorganica.com\/wp-json\/wp\/v2\/users\/1"}],"replies":[{"embeddable":true,"href":"https:\/\/culturaorganica.com\/wp-json\/wp\/v2\/comments?post=20"}],"version-history":[{"count":4,"href":"https:\/\/culturaorganica.com\/wp-json\/wp\/v2\/pages\/20\/revisions"}],"predecessor-version":[{"id":794,"href":"https:\/\/culturaorganica.com\/wp-json\/wp\/v2\/pages\/20\/revisions\/794"}],"wp:attachment":[{"href":"https:\/\/culturaorganica.com\/wp-json\/wp\/v2\/media?parent=20"}],"curies":[{"name":"wp","href":"https:\/\/api.w.org\/{rel}","templated":true}]}}